{"id":35,"date":"2022-11-01T17:29:53","date_gmt":"2022-11-01T17:29:53","guid":{"rendered":"https:\/\/compras.saavedra.gob.ar\/?page_id=35"},"modified":"2022-11-15T15:10:25","modified_gmt":"2022-11-15T15:10:25","slug":"proximas-compulsas","status":"publish","type":"page","link":"https:\/\/compras.saavedra.gob.ar\/?page_id=35","title":{"rendered":"Pr\u00f3ximas Compulsas"},"content":{"rendered":"<ul class=\"wp-block-latest-posts__list has-dates wp-block-latest-posts\"><li><div class=\"wp-block-latest-posts__featured-image\"><img loading=\"lazy\" decoding=\"async\" width=\"150\" height=\"150\" src=\"https:\/\/compras.saavedra.gob.ar\/wp-content\/uploads\/2025\/12\/seguroauto2-150x150.jpg\" class=\"attachment-thumbnail size-thumbnail wp-post-image\" alt=\"\" style=\"\" \/><\/div><a class=\"wp-block-latest-posts__post-title\" href=\"https:\/\/compras.saavedra.gob.ar\/?p=591\">Contrataci\u00f3n SEGURO PARQUE AUTOMOTOR 2026<\/a><time datetime=\"2025-12-12T13:31:28+00:00\" class=\"wp-block-latest-posts__post-date\">diciembre 12, 2025<\/time><div class=\"wp-block-latest-posts__post-excerpt\"><div class=\"slide-text-bg2\"><span>Pig\u00fc\u00e9, 12 de diciembre de 2025.- Sres. Proveedores: Ref.: Concurso de precios 04-2025. Exped.79303\/2025 \u201cContrataci\u00f3n SEGURO PARQUE AUTOMOTOR 2026\u201d <\/span><\/div><div class=\"slide-btn-area-sm\"><a href=\"https:\/\/compras.saavedra.gob.ar\/?p=591\" class=\"slide-btn-sm\">Leer m\u00e1s<\/a><\/div><\/div><\/li>\n<li><div class=\"wp-block-latest-posts__featured-image\"><img loading=\"lazy\" decoding=\"async\" width=\"150\" height=\"150\" src=\"https:\/\/compras.saavedra.gob.ar\/wp-content\/uploads\/2023\/03\/Neumaticos-MotoNiveladora-150x150.png\" class=\"attachment-thumbnail size-thumbnail wp-post-image\" alt=\"\" style=\"\" \/><\/div><a class=\"wp-block-latest-posts__post-title\" href=\"https:\/\/compras.saavedra.gob.ar\/?p=588\">Compra de Neum\u00e1ticos para Equipos viales, de carga y transporte, Parque automotor Municipal<\/a><time datetime=\"2025-11-27T13:53:01+00:00\" class=\"wp-block-latest-posts__post-date\">noviembre 27, 2025<\/time><div class=\"wp-block-latest-posts__post-excerpt\"><div class=\"slide-text-bg2\"><span>&nbsp; Pig\u00fc\u00e9, 27 de noviembre 2025.- Sres. Proveedores: Ref.: CONCURSO DE PRECIOS 02-2025. Exped.97274\/2025:\u201cCompra de Neum\u00e1ticos para Equipos viales,<\/span><\/div><div class=\"slide-btn-area-sm\"><a href=\"https:\/\/compras.saavedra.gob.ar\/?p=588\" class=\"slide-btn-sm\">Leer m\u00e1s<\/a><\/div><\/div><\/li>\n<li><div class=\"wp-block-latest-posts__featured-image\"><img loading=\"lazy\" decoding=\"async\" width=\"150\" height=\"150\" src=\"https:\/\/compras.saavedra.gob.ar\/wp-content\/uploads\/2024\/02\/756487657-150x150.jpg\" class=\"attachment-thumbnail size-thumbnail wp-post-image\" alt=\"\" style=\"\" \/><\/div><a class=\"wp-block-latest-posts__post-title\" href=\"https:\/\/compras.saavedra.gob.ar\/?p=586\">Compra de gas o\u00edl com\u00fan y euro para veh\u00edculos afectados a Conservaci\u00f3n de la v\u00eda p\u00fablica Municipal<\/a><time datetime=\"2025-11-27T13:48:17+00:00\" class=\"wp-block-latest-posts__post-date\">noviembre 27, 2025<\/time><div class=\"wp-block-latest-posts__post-excerpt\"><div class=\"slide-text-bg2\"><span>&nbsp; Pig\u00fc\u00e9, 27 de noviembre 2025.- Sres. Proveedores: Ref.: CONCURSO DE PRECIOS 03-2025. Exped.97272\/2025:\u201cCompra de gas o\u00edl com\u00fan y euro para veh?<\/span><\/div><div class=\"slide-btn-area-sm\"><a href=\"https:\/\/compras.saavedra.gob.ar\/?p=586\" class=\"slide-btn-sm\">Leer m\u00e1s<\/a><\/div><\/div><\/li>\n<li><div class=\"wp-block-latest-posts__featured-image\"><img loading=\"lazy\" decoding=\"async\" width=\"150\" height=\"150\" src=\"https:\/\/compras.saavedra.gob.ar\/wp-content\/uploads\/2024\/02\/756487657-150x150.jpg\" class=\"attachment-thumbnail size-thumbnail wp-post-image\" alt=\"\" style=\"\" \/><\/div><a class=\"wp-block-latest-posts__post-title\" href=\"https:\/\/compras.saavedra.gob.ar\/?p=576\">Compra de gas o\u00edl com\u00fan y euro para veh\u00edculos afectados a Conservaci\u00f3n de la v\u00eda p\u00fablica Municipal<\/a><time datetime=\"2025-11-03T14:02:51+00:00\" class=\"wp-block-latest-posts__post-date\">noviembre 3, 2025<\/time><div class=\"wp-block-latest-posts__post-excerpt\"><div class=\"slide-text-bg2\"><span>Pig\u00fc\u00e9, 03 de noviembre 2025.- Sres. Proveedores: Ref.: CONCURSO DE PRECIOS 01-2025. Exped.97224\/2025:\u201cCompra de gas o\u00edl com\u00fan y euro para veh\u00edculos <\/span><\/div><div class=\"slide-btn-area-sm\"><a href=\"https:\/\/compras.saavedra.gob.ar\/?p=576\" class=\"slide-btn-sm\">Leer m\u00e1s<\/a><\/div><\/div><\/li>\n<li><div class=\"wp-block-latest-posts__featured-image\"><img loading=\"lazy\" decoding=\"async\" width=\"150\" height=\"150\" src=\"https:\/\/compras.saavedra.gob.ar\/wp-content\/uploads\/2025\/10\/osmosis-inversa-150x150.jpg\" class=\"attachment-thumbnail size-thumbnail wp-post-image\" alt=\"\" style=\"\" \/><\/div><a class=\"wp-block-latest-posts__post-title\" href=\"https:\/\/compras.saavedra.gob.ar\/?p=571\">EQUIPO OSMOSIS INVERSA PARA COLONIA SAN MARTIN<\/a><time datetime=\"2025-10-01T10:23:39+00:00\" class=\"wp-block-latest-posts__post-date\">octubre 1, 2025<\/time><div class=\"wp-block-latest-posts__post-excerpt\"><div class=\"slide-text-bg2\"><span>Pig\u00fc\u00e9, 01 de octubre 2025 Sres. Proveedores: Ref: COTIZACION 3633 \u201cEQUIPO OSMOSIS INVERSA PARA COLONIA SAN MARTIN\u201d De nuestra mayor consideraci\u00f3n:&#038;n<\/span><\/div><div class=\"slide-btn-area-sm\"><a href=\"https:\/\/compras.saavedra.gob.ar\/?p=571\" class=\"slide-btn-sm\">Leer m\u00e1s<\/a><\/div><\/div><\/li>\n<\/ul>","protected":false},"excerpt":{"rendered":"<div class=\"slide-text-bg2\"><span><\/span><\/div>\n","protected":false},"author":1,"featured_media":0,"parent":0,"menu_order":0,"comment_status":"closed","ping_status":"closed","template":"","meta":{"footnotes":""},"class_list":["post-35","page","type-page","status-publish","hentry"],"_links":{"self":[{"href":"https:\/\/compras.saavedra.gob.ar\/index.php?rest_route=\/wp\/v2\/pages\/35","targetHints":{"allow":["GET"]}}],"collection":[{"href":"https:\/\/compras.saavedra.gob.ar\/index.php?rest_route=\/wp\/v2\/pages"}],"about":[{"href":"https:\/\/compras.saavedra.gob.ar\/index.php?rest_route=\/wp\/v2\/types\/page"}],"author":[{"embeddable":true,"href":"https:\/\/compras.saavedra.gob.ar\/index.php?rest_route=\/wp\/v2\/users\/1"}],"replies":[{"embeddable":true,"href":"https:\/\/compras.saavedra.gob.ar\/index.php?rest_route=%2Fwp%2Fv2%2Fcomments&post=35"}],"version-history":[{"count":3,"href":"https:\/\/compras.saavedra.gob.ar\/index.php?rest_route=\/wp\/v2\/pages\/35\/revisions"}],"predecessor-version":[{"id":104,"href":"https:\/\/compras.saavedra.gob.ar\/index.php?rest_route=\/wp\/v2\/pages\/35\/revisions\/104"}],"wp:attachment":[{"href":"https:\/\/compras.saavedra.gob.ar\/index.php?rest_route=%2Fwp%2Fv2%2Fmedia&parent=35"}],"curies":[{"name":"wp","href":"https:\/\/api.w.org\/{rel}","templated":true}]}}